{"id":155,"date":"2026-03-01T16:34:26","date_gmt":"2026-03-01T15:34:26","guid":{"rendered":"https:\/\/pootwocku.pl\/?page_id=155"},"modified":"2026-04-12T00:26:21","modified_gmt":"2026-04-11T22:26:21","slug":"home","status":"publish","type":"page","link":"https:\/\/pootwocku.pl\/","title":{"rendered":"Home"},"content":{"rendered":"\t\t<div data-elementor-type=\"wp-page\" data-elementor-id=\"155\" class=\"elementor elementor-155\">\n\t\t\t\t<div class=\"elementor-element elementor-element-7426c920 e-flex e-con-boxed e-con e-parent\" data-id=\"7426c920\" data-element_type=\"container\" data-e-type=\"container\" data-settings=\"{&quot;background_background&quot;:&quot;slideshow&quot;,&quot;background_slideshow_gallery&quot;:[{&quot;id&quot;:11,&quot;url&quot;:&quot;http:\\\/\\\/pootwocku.pl\\\/wp-content\\\/uploads\\\/2023\\\/11\\\/i85-scaled-e1699211066554.jpg&quot;}],&quot;background_slideshow_loop&quot;:&quot;yes&quot;,&quot;background_slideshow_slide_duration&quot;:5000,&quot;background_slideshow_slide_transition&quot;:&quot;fade&quot;,&quot;background_slideshow_transition_duration&quot;:500}\">\n\t\t\t\t\t<div class=\"e-con-inner\">\n\t\t\t\t<div class=\"elementor-element elementor-element-4a0fd027 elementor-widget elementor-widget-heading\" data-id=\"4a0fd027\" data-element_type=\"widget\" data-e-type=\"widget\" data-widget_type=\"heading.default\">\n\t\t\t\t\t<h1 class=\"elementor-heading-title elementor-size-default\">OTWOCK<\/h1>\t\t\t\t<\/div>\n\t\t\t\t<div class=\"elementor-element elementor-element-505bff5e elementor-widget elementor-widget-heading\" data-id=\"505bff5e\" data-element_type=\"widget\" data-e-type=\"widget\" data-widget_type=\"heading.default\">\n\t\t\t\t\t<h2 class=\"elementor-heading-title elementor-size-default\"><i>Poznaj miasto z dobrym klimatem...<\/i><\/h2>\t\t\t\t<\/div>\n\t\t\t\t\t<\/div>\n\t\t\t\t<\/div>\n\t\t<div class=\"elementor-element elementor-element-3034535b e-con-full e-flex e-con e-parent\" data-id=\"3034535b\" data-element_type=\"container\" data-e-type=\"container\">\n\t\t<div class=\"elementor-element elementor-element-6a263b30 e-con-full e-flex e-con e-child\" data-id=\"6a263b30\" data-element_type=\"container\" data-e-type=\"container\">\n\t\t\t\t<div class=\"elementor-element elementor-element-2ef045f7 elementor-widget elementor-widget-heading\" data-id=\"2ef045f7\" data-element_type=\"widget\" data-e-type=\"widget\" data-widget_type=\"heading.default\">\n\t\t\t\t\t<h5 class=\"elementor-heading-title elementor-size-default\">pa\u0144stwa przewodnikiem b\u0119dzie<\/h5>\t\t\t\t<\/div>\n\t\t\t\t<div class=\"elementor-element elementor-element-39b4cc8f elementor-widget elementor-widget-heading\" data-id=\"39b4cc8f\" data-element_type=\"widget\" data-e-type=\"widget\" data-widget_type=\"heading.default\">\n\t\t\t\t\t<h6 class=\"elementor-heading-title elementor-size-default\">Marcin Misiek Michalczyk<\/h6>\t\t\t\t<\/div>\n\t\t\t\t<div class=\"elementor-element elementor-element-6cca1cbf elementor-widget elementor-widget-text-editor\" data-id=\"6cca1cbf\" data-element_type=\"widget\" data-e-type=\"widget\" data-widget_type=\"text-editor.default\">\n\t\t\t\t\t\t\t\t\t<p>Mi\u0142o\u015bnik otwockiej historii i architektury, prezes Towarzystwa Przyjaci\u00f3\u0142 Otwocka, wokalista \u015awidermajer Orkiestry, Radny Miasta Otwocka, wieloletni pracownik Muzeum Ziemi Otwockiej.<\/p><p>Misiek nie tylko \u015bwietnie zna histori\u0119 miasta, ale te\u017c potrafi przekazywa\u0107 wiedz\u0119 w bardzo przyst\u0119pny spos\u00f3b. Z luzem i humorem. A przecie\u017c chodzi o dobr\u0105 zabaw\u0119!<\/p>\t\t\t\t\t\t\t\t<\/div>\n\t\t\t\t<div class=\"elementor-element elementor-element-5b473ebf elementor-invisible elementor-widget elementor-widget-button\" data-id=\"5b473ebf\" data-element_type=\"widget\" data-e-type=\"widget\" data-settings=\"{&quot;_animation&quot;:&quot;fadeInDown&quot;}\" data-widget_type=\"button.default\">\n\t\t\t\t\t\t\t\t\t\t<a class=\"elementor-button elementor-button-link elementor-size-sm\" href=\"https:\/\/library.elementor.com\/portfolio-wireframe-2-flexbox\/about\/\">\n\t\t\t\t\t\t<span class=\"elementor-button-content-wrapper\">\n\t\t\t\t\t\t\t\t\t<span class=\"elementor-button-text\">Wi\u0119cej o mnie<\/span>\n\t\t\t\t\t<\/span>\n\t\t\t\t\t<\/a>\n\t\t\t\t\t\t\t\t<\/div>\n\t\t\t\t<\/div>\n\t\t<div class=\"elementor-element elementor-element-5b47e6ab e-con-full e-flex e-con e-child\" data-id=\"5b47e6ab\" data-element_type=\"container\" data-e-type=\"container\">\n\t\t\t\t<div class=\"elementor-element elementor-element-eaedf65 elementor-widget elementor-widget-image\" data-id=\"eaedf65\" data-element_type=\"widget\" data-e-type=\"widget\" data-widget_type=\"image.default\">\n\t\t\t\t\t\t\t\t\t\t\t\t\t\t\t<img fetchpriority=\"high\" decoding=\"async\" width=\"1029\" height=\"1536\" src=\"http:\/\/pootwocku.pl\/wp-content\/uploads\/2026\/04\/20220618_170056-1-1029x1536.jpg\" class=\"attachment-1536x1536 size-1536x1536 wp-image-235\" alt=\"\" srcset=\"http:\/\/pootwocku.pl\/wp-content\/uploads\/2026\/04\/20220618_170056-1-1029x1536.jpg 1029w, http:\/\/pootwocku.pl\/wp-content\/uploads\/2026\/04\/20220618_170056-1-201x300.jpg 201w, http:\/\/pootwocku.pl\/wp-content\/uploads\/2026\/04\/20220618_170056-1-686x1024.jpg 686w, http:\/\/pootwocku.pl\/wp-content\/uploads\/2026\/04\/20220618_170056-1-768x1146.jpg 768w, http:\/\/pootwocku.pl\/wp-content\/uploads\/2026\/04\/20220618_170056-1.jpg 1217w\" sizes=\"(max-width: 1029px) 100vw, 1029px\" \/>\t\t\t\t\t\t\t\t\t\t\t\t\t\t\t<\/div>\n\t\t\t\t<\/div>\n\t\t\t\t<\/div>\n\t\t<div class=\"elementor-element elementor-element-a0f57ec e-con-full e-flex e-con e-parent\" data-id=\"a0f57ec\" data-element_type=\"container\" data-e-type=\"container\">\n\t\t\t\t<div class=\"elementor-element elementor-element-49b32ff7 elementor-widget elementor-widget-heading\" data-id=\"49b32ff7\" data-element_type=\"widget\" data-e-type=\"widget\" data-widget_type=\"heading.default\">\n\t\t\t\t\t<h2 class=\"elementor-heading-title elementor-size-default\">Proponowane trasy<\/h2>\t\t\t\t<\/div>\n\t\t\t\t<div class=\"elementor-element elementor-element-825c12f elementor-widget elementor-widget-heading\" data-id=\"825c12f\" data-element_type=\"widget\" data-e-type=\"widget\" data-widget_type=\"heading.default\">\n\t\t\t\t\t<h5 class=\"elementor-heading-title elementor-size-default\">Co chcesz zobaczy\u0107? O czym chcesz us\u0142ysze\u0107?<\/h5>\t\t\t\t<\/div>\n\t\t\t\t<div class=\"elementor-element elementor-element-53a6c907 gallery-spacing-custom elementor-widget elementor-widget-image-gallery\" data-id=\"53a6c907\" data-element_type=\"widget\" data-e-type=\"widget\" data-widget_type=\"image-gallery.default\">\n\t\t\t\t\t\t\t<div class=\"elementor-image-gallery\">\n\t\t\t<div id='gallery-1' class='gallery galleryid-155 gallery-columns-3 gallery-size-full'><figure class='gallery-item'>\n\t\t\t<div class='gallery-icon portrait'>\n\t\t\t\t<a data-elementor-open-lightbox=\"yes\" data-elementor-lightbox-slideshow=\"53a6c907\" data-elementor-lightbox-title=\"4\" data-e-action-hash=\"#elementor-action%3Aaction%3Dlightbox%26settings%3DeyJpZCI6NDY1LCJ1cmwiOiJodHRwOlwvXC9wb290d29ja3UucGxcL3dwLWNvbnRlbnRcL3VwbG9hZHNcLzIwMjZcLzA0XC80LmpwZyIsInNsaWRlc2hvdyI6IjUzYTZjOTA3In0%3D\" href='http:\/\/pootwocku.pl\/wp-content\/uploads\/2026\/04\/4.jpg'><img decoding=\"async\" width=\"1080\" height=\"1350\" src=\"http:\/\/pootwocku.pl\/wp-content\/uploads\/2026\/04\/4.jpg\" class=\"attachment-full size-full\" alt=\"\" srcset=\"http:\/\/pootwocku.pl\/wp-content\/uploads\/2026\/04\/4.jpg 1080w, http:\/\/pootwocku.pl\/wp-content\/uploads\/2026\/04\/4-240x300.jpg 240w, http:\/\/pootwocku.pl\/wp-content\/uploads\/2026\/04\/4-819x1024.jpg 819w, http:\/\/pootwocku.pl\/wp-content\/uploads\/2026\/04\/4-768x960.jpg 768w\" sizes=\"(max-width: 1080px) 100vw, 1080px\" \/><\/a>\n\t\t\t<\/div><\/figure><figure class='gallery-item'>\n\t\t\t<div class='gallery-icon portrait'>\n\t\t\t\t<a data-elementor-open-lightbox=\"yes\" data-elementor-lightbox-slideshow=\"53a6c907\" data-elementor-lightbox-title=\"1\" data-e-action-hash=\"#elementor-action%3Aaction%3Dlightbox%26settings%3DeyJpZCI6NDYyLCJ1cmwiOiJodHRwOlwvXC9wb290d29ja3UucGxcL3dwLWNvbnRlbnRcL3VwbG9hZHNcLzIwMjZcLzA0XC8xLTEuanBnIiwic2xpZGVzaG93IjoiNTNhNmM5MDcifQ%3D%3D\" href='http:\/\/pootwocku.pl\/wp-content\/uploads\/2026\/04\/1-1.jpg'><img decoding=\"async\" width=\"1080\" height=\"1350\" src=\"http:\/\/pootwocku.pl\/wp-content\/uploads\/2026\/04\/1-1.jpg\" class=\"attachment-full size-full\" alt=\"\" srcset=\"http:\/\/pootwocku.pl\/wp-content\/uploads\/2026\/04\/1-1.jpg 1080w, http:\/\/pootwocku.pl\/wp-content\/uploads\/2026\/04\/1-1-240x300.jpg 240w, http:\/\/pootwocku.pl\/wp-content\/uploads\/2026\/04\/1-1-819x1024.jpg 819w, http:\/\/pootwocku.pl\/wp-content\/uploads\/2026\/04\/1-1-768x960.jpg 768w\" sizes=\"(max-width: 1080px) 100vw, 1080px\" \/><\/a>\n\t\t\t<\/div><\/figure><figure class='gallery-item'>\n\t\t\t<div class='gallery-icon portrait'>\n\t\t\t\t<a data-elementor-open-lightbox=\"yes\" data-elementor-lightbox-slideshow=\"53a6c907\" data-elementor-lightbox-title=\"2\" data-e-action-hash=\"#elementor-action%3Aaction%3Dlightbox%26settings%3DeyJpZCI6NDYzLCJ1cmwiOiJodHRwOlwvXC9wb290d29ja3UucGxcL3dwLWNvbnRlbnRcL3VwbG9hZHNcLzIwMjZcLzA0XC8yLmpwZyIsInNsaWRlc2hvdyI6IjUzYTZjOTA3In0%3D\" href='http:\/\/pootwocku.pl\/wp-content\/uploads\/2026\/04\/2.jpg'><img loading=\"lazy\" decoding=\"async\" width=\"1080\" height=\"1350\" src=\"http:\/\/pootwocku.pl\/wp-content\/uploads\/2026\/04\/2.jpg\" class=\"attachment-full size-full\" alt=\"\" srcset=\"http:\/\/pootwocku.pl\/wp-content\/uploads\/2026\/04\/2.jpg 1080w, http:\/\/pootwocku.pl\/wp-content\/uploads\/2026\/04\/2-240x300.jpg 240w, http:\/\/pootwocku.pl\/wp-content\/uploads\/2026\/04\/2-819x1024.jpg 819w, http:\/\/pootwocku.pl\/wp-content\/uploads\/2026\/04\/2-768x960.jpg 768w\" sizes=\"(max-width: 1080px) 100vw, 1080px\" \/><\/a>\n\t\t\t<\/div><\/figure><figure class='gallery-item'>\n\t\t\t<div class='gallery-icon portrait'>\n\t\t\t\t<a data-elementor-open-lightbox=\"yes\" data-elementor-lightbox-slideshow=\"53a6c907\" data-elementor-lightbox-title=\"3\" data-e-action-hash=\"#elementor-action%3Aaction%3Dlightbox%26settings%3DeyJpZCI6NDY0LCJ1cmwiOiJodHRwOlwvXC9wb290d29ja3UucGxcL3dwLWNvbnRlbnRcL3VwbG9hZHNcLzIwMjZcLzA0XC8zLmpwZyIsInNsaWRlc2hvdyI6IjUzYTZjOTA3In0%3D\" href='http:\/\/pootwocku.pl\/wp-content\/uploads\/2026\/04\/3.jpg'><img loading=\"lazy\" decoding=\"async\" width=\"1080\" height=\"1350\" src=\"http:\/\/pootwocku.pl\/wp-content\/uploads\/2026\/04\/3.jpg\" class=\"attachment-full size-full\" alt=\"\" srcset=\"http:\/\/pootwocku.pl\/wp-content\/uploads\/2026\/04\/3.jpg 1080w, http:\/\/pootwocku.pl\/wp-content\/uploads\/2026\/04\/3-240x300.jpg 240w, http:\/\/pootwocku.pl\/wp-content\/uploads\/2026\/04\/3-819x1024.jpg 819w, http:\/\/pootwocku.pl\/wp-content\/uploads\/2026\/04\/3-768x960.jpg 768w\" sizes=\"(max-width: 1080px) 100vw, 1080px\" \/><\/a>\n\t\t\t<\/div><\/figure>\n\t\t<\/div>\n\t\t<\/div>\n\t\t\t\t\t\t<\/div>\n\t\t\t\t<div class=\"elementor-element elementor-element-5a92b038 elementor-align-center elementor-invisible elementor-widget elementor-widget-button\" data-id=\"5a92b038\" data-element_type=\"widget\" data-e-type=\"widget\" data-settings=\"{&quot;_animation&quot;:&quot;fadeInDown&quot;}\" data-widget_type=\"button.default\">\n\t\t\t\t\t\t\t\t\t\t<a class=\"elementor-button elementor-button-link elementor-size-sm\" href=\"https:\/\/library.elementor.com\/portfolio-wireframe-2-flexbox\/portfolio\/\">\n\t\t\t\t\t\t<span class=\"elementor-button-content-wrapper\">\n\t\t\t\t\t\t\t\t\t<span class=\"elementor-button-text\">W jakim temacie?<\/span>\n\t\t\t\t\t<\/span>\n\t\t\t\t\t<\/a>\n\t\t\t\t\t\t\t\t<\/div>\n\t\t\t\t<\/div>\n\t\t<div class=\"elementor-element elementor-element-294cc845 e-con-full e-flex e-con e-parent\" data-id=\"294cc845\" data-element_type=\"container\" data-e-type=\"container\" data-settings=\"{&quot;background_background&quot;:&quot;classic&quot;}\">\n\t\t\t\t<div class=\"elementor-element elementor-element-5358ca67 elementor-widget elementor-widget-heading\" data-id=\"5358ca67\" data-element_type=\"widget\" data-e-type=\"widget\" data-widget_type=\"heading.default\">\n\t\t\t\t\t<h2 class=\"elementor-heading-title elementor-size-default\">As Featured In<\/h2>\t\t\t\t<\/div>\n\t\t\t\t<div class=\"elementor-element elementor-element-595c7150 elementor-widget elementor-widget-heading\" data-id=\"595c7150\" data-element_type=\"widget\" data-e-type=\"widget\" data-widget_type=\"heading.default\">\n\t\t\t\t\t<h5 class=\"elementor-heading-title elementor-size-default\">This is a space to showcase any publications your work has been featured in<\/h5>\t\t\t\t<\/div>\n\t\t\t\t<\/div>\n\t\t<div class=\"elementor-element elementor-element-466e6448 e-con-full e-flex e-con e-parent\" data-id=\"466e6448\" data-element_type=\"container\" data-e-type=\"container\" data-settings=\"{&quot;background_background&quot;:&quot;classic&quot;}\">\n\t\t<div class=\"elementor-element elementor-element-64baf2cb e-con-full e-flex e-con e-child\" data-id=\"64baf2cb\" data-element_type=\"container\" data-e-type=\"container\">\n\t\t\t\t<div class=\"elementor-element elementor-element-439cd7c4 elementor-widget elementor-widget-heading\" data-id=\"439cd7c4\" data-element_type=\"widget\" data-e-type=\"widget\" data-widget_type=\"heading.default\">\n\t\t\t\t\t<h2 class=\"elementor-heading-title elementor-size-default\">Daj zna\u0107 co Ci\u0119 interesuje<\/h2>\t\t\t\t<\/div>\n\t\t\t\t<div class=\"elementor-element elementor-element-bfaa58b elementor-widget elementor-widget-text-editor\" data-id=\"bfaa58b\" data-element_type=\"widget\" data-e-type=\"widget\" data-widget_type=\"text-editor.default\">\n\t\t\t\t\t\t\t\t\t<p>Wype\u0142nij formularz, kt\u00f3ry pomo\u017ce rozwia\u0107 wszelkie w\u0105tpliwo\u015bci, a ja si\u0119 z Tob\u0105 skontaktuj\u0119 \ud83d\ude42<\/p>\t\t\t\t\t\t\t\t<\/div>\n\t\t\t\t<div class=\"elementor-element elementor-element-1bd879b0 elementor-invisible elementor-widget elementor-widget-button\" data-id=\"1bd879b0\" data-element_type=\"widget\" data-e-type=\"widget\" data-settings=\"{&quot;_animation&quot;:&quot;fadeInDown&quot;}\" data-widget_type=\"button.default\">\n\t\t\t\t\t\t\t\t\t\t<a class=\"elementor-button elementor-button-link elementor-size-sm\" href=\"https:\/\/library.elementor.com\/portfolio-wireframe-2-flexbox\/contact\/\">\n\t\t\t\t\t\t<span class=\"elementor-button-content-wrapper\">\n\t\t\t\t\t\t\t\t\t<span class=\"elementor-button-text\">Formularz<\/span>\n\t\t\t\t\t<\/span>\n\t\t\t\t\t<\/a>\n\t\t\t\t\t\t\t\t<\/div>\n\t\t\t\t<\/div>\n\t\t<div class=\"elementor-element elementor-element-5a16065 e-con-full e-flex e-con e-child\" data-id=\"5a16065\" data-element_type=\"container\" data-e-type=\"container\">\n\t\t\t\t<div class=\"elementor-element elementor-element-15f5d1e1 elementor-widget elementor-widget-image\" data-id=\"15f5d1e1\" data-element_type=\"widget\" data-e-type=\"widget\" data-widget_type=\"image.default\">\n\t\t\t\t\t\t\t\t\t\t\t\t\t\t\t<img loading=\"lazy\" decoding=\"async\" width=\"1231\" height=\"1255\" src=\"http:\/\/pootwocku.pl\/wp-content\/uploads\/2026\/03\/02_stacja_klimat_piecz.png\" class=\"attachment-full size-full wp-image-189\" alt=\"\" srcset=\"http:\/\/pootwocku.pl\/wp-content\/uploads\/2026\/03\/02_stacja_klimat_piecz.png 1231w, http:\/\/pootwocku.pl\/wp-content\/uploads\/2026\/03\/02_stacja_klimat_piecz-294x300.png 294w, http:\/\/pootwocku.pl\/wp-content\/uploads\/2026\/03\/02_stacja_klimat_piecz-1004x1024.png 1004w, http:\/\/pootwocku.pl\/wp-content\/uploads\/2026\/03\/02_stacja_klimat_piecz-768x783.png 768w\" sizes=\"(max-width: 1231px) 100vw, 1231px\" \/>\t\t\t\t\t\t\t\t\t\t\t\t\t\t\t<\/div>\n\t\t\t\t<\/div>\n\t\t\t\t<\/div>\n\t\t<div class=\"elementor-element elementor-element-382e7a2 e-flex e-con-boxed e-con e-parent\" data-id=\"382e7a2\" data-element_type=\"container\" data-e-type=\"container\">\n\t\t\t\t\t<div class=\"e-con-inner\">\n\t\t\t\t\t<\/div>\n\t\t\t\t<\/div>\n\t\t<div class=\"elementor-element elementor-element-10ab63b e-con-full e-flex e-con e-parent\" data-id=\"10ab63b\" data-element_type=\"container\" data-e-type=\"container\">\n\t\t\t\t<div class=\"elementor-element elementor-element-7a079370 elementor-widget elementor-widget-heading\" data-id=\"7a079370\" data-element_type=\"widget\" data-e-type=\"widget\" data-widget_type=\"heading.default\">\n\t\t\t\t\t<h2 class=\"elementor-heading-title elementor-size-default\">Client Testimonials<\/h2>\t\t\t\t<\/div>\n\t\t<div class=\"elementor-element elementor-element-15da63c3 e-con-full e-flex e-con e-child\" data-id=\"15da63c3\" data-element_type=\"container\" data-e-type=\"container\">\n\t\t\t\t<div class=\"elementor-element elementor-element-5a8649bb elementor-widget elementor-widget-testimonial\" data-id=\"5a8649bb\" data-element_type=\"widget\" data-e-type=\"widget\" data-widget_type=\"testimonial.default\">\n\t\t\t\t\t\t\t<div class=\"elementor-testimonial-wrapper\">\n\t\t\t\t\t\t\t<div class=\"elementor-testimonial-content\">\u201cA review from a client who benefited from your product. Reviews can be a highly effective way of establishing credibility and increasing your company's reputation.\u201d<\/div>\n\t\t\t\n\t\t\t\t\t\t<div class=\"elementor-testimonial-meta elementor-has-image elementor-testimonial-image-position-aside\">\n\t\t\t\t<div class=\"elementor-testimonial-meta-inner\">\n\t\t\t\t\t\t\t\t\t\t\t<div class=\"elementor-testimonial-image\">\n\t\t\t\t\t\t\t<img loading=\"lazy\" decoding=\"async\" width=\"63\" height=\"63\" src=\"http:\/\/pootwocku.pl\/wp-content\/uploads\/2026\/03\/63x63.jpg\" class=\"attachment-full size-full wp-image-156\" alt=\"\" \/>\t\t\t\t\t\t<\/div>\n\t\t\t\t\t\n\t\t\t\t\t\t\t\t\t\t<div class=\"elementor-testimonial-details\">\n\t\t\t\t\t\t\t\t\t\t\t\t\t\t<div class=\"elementor-testimonial-name\">Client name<\/div>\n\t\t\t\t\t\t\t\t\t\t\t\t\t\t\t\t\t\t\t<\/div>\n\t\t\t\t\t\t\t\t\t<\/div>\n\t\t\t<\/div>\n\t\t\t\t\t<\/div>\n\t\t\t\t\t\t<\/div>\n\t\t\t\t<div class=\"elementor-element elementor-element-2843eab7 elementor-widget elementor-widget-testimonial\" data-id=\"2843eab7\" data-element_type=\"widget\" data-e-type=\"widget\" data-widget_type=\"testimonial.default\">\n\t\t\t\t\t\t\t<div class=\"elementor-testimonial-wrapper\">\n\t\t\t\t\t\t\t<div class=\"elementor-testimonial-content\">\u201cA review from a client who benefited from your product. Reviews can be a highly effective way of establishing credibility and increasing your company's reputation.\u201d<\/div>\n\t\t\t\n\t\t\t\t\t\t<div class=\"elementor-testimonial-meta elementor-has-image elementor-testimonial-image-position-aside\">\n\t\t\t\t<div class=\"elementor-testimonial-meta-inner\">\n\t\t\t\t\t\t\t\t\t\t\t<div class=\"elementor-testimonial-image\">\n\t\t\t\t\t\t\t<img loading=\"lazy\" decoding=\"async\" width=\"63\" height=\"63\" src=\"http:\/\/pootwocku.pl\/wp-content\/uploads\/2026\/03\/63x63.jpg\" class=\"attachment-full size-full wp-image-156\" alt=\"\" \/>\t\t\t\t\t\t<\/div>\n\t\t\t\t\t\n\t\t\t\t\t\t\t\t\t\t<div class=\"elementor-testimonial-details\">\n\t\t\t\t\t\t\t\t\t\t\t\t\t\t<div class=\"elementor-testimonial-name\">Client name<\/div>\n\t\t\t\t\t\t\t\t\t\t\t\t\t\t\t\t\t\t\t<\/div>\n\t\t\t\t\t\t\t\t\t<\/div>\n\t\t\t<\/div>\n\t\t\t\t\t<\/div>\n\t\t\t\t\t\t<\/div>\n\t\t\t\t<div class=\"elementor-element elementor-element-207e2b43 elementor-widget elementor-widget-testimonial\" data-id=\"207e2b43\" data-element_type=\"widget\" data-e-type=\"widget\" data-widget_type=\"testimonial.default\">\n\t\t\t\t\t\t\t<div class=\"elementor-testimonial-wrapper\">\n\t\t\t\t\t\t\t<div class=\"elementor-testimonial-content\">\u201cA review from a client who benefited from your product. Reviews can be a highly effective way of establishing credibility and increasing your company's reputation.\u201d<\/div>\n\t\t\t\n\t\t\t\t\t\t<div class=\"elementor-testimonial-meta elementor-has-image elementor-testimonial-image-position-aside\">\n\t\t\t\t<div class=\"elementor-testimonial-meta-inner\">\n\t\t\t\t\t\t\t\t\t\t\t<div class=\"elementor-testimonial-image\">\n\t\t\t\t\t\t\t<img loading=\"lazy\" decoding=\"async\" width=\"63\" height=\"63\" src=\"http:\/\/pootwocku.pl\/wp-content\/uploads\/2026\/03\/63x63.jpg\" class=\"attachment-full size-full wp-image-156\" alt=\"\" \/>\t\t\t\t\t\t<\/div>\n\t\t\t\t\t\n\t\t\t\t\t\t\t\t\t\t<div class=\"elementor-testimonial-details\">\n\t\t\t\t\t\t\t\t\t\t\t\t\t\t<div class=\"elementor-testimonial-name\">Client name<\/div>\n\t\t\t\t\t\t\t\t\t\t\t\t\t\t\t\t\t\t\t<\/div>\n\t\t\t\t\t\t\t\t\t<\/div>\n\t\t\t<\/div>\n\t\t\t\t\t<\/div>\n\t\t\t\t\t\t<\/div>\n\t\t\t\t<\/div>\n\t\t\t\t<\/div>\n\t\t<div class=\"elementor-element elementor-element-9236d7e e-flex e-con-boxed e-con e-parent\" data-id=\"9236d7e\" data-element_type=\"container\" data-e-type=\"container\">\n\t\t\t\t\t<div class=\"e-con-inner\">\n\t\t\t\t\t<\/div>\n\t\t\t\t<\/div>\n\t\t\t\t<\/div>\n\t\t","protected":false},"excerpt":{"rendered":"<p>OTWOCK Poznaj miasto z dobrym klimatem&#8230; pa\u0144stwa przewodnikiem b\u0119dzie Marcin Misiek Michalczyk Mi\u0142o\u015bnik otwockiej historii i architektury, prezes Towarzystwa Przyjaci\u00f3\u0142 Otwocka, wokalista \u015awidermajer Orkiestry, Radny Miasta Otwocka, wieloletni pracownik Muzeum Ziemi Otwockiej. Misiek nie tylko \u015bwietnie zna histori\u0119 miasta, ale te\u017c potrafi przekazywa\u0107 wiedz\u0119 w bardzo przyst\u0119pny spos\u00f3b. Z luzem i humorem. A przecie\u017c chodzi [&hellip;]<\/p>\n","protected":false},"author":1,"featured_media":159,"parent":0,"menu_order":0,"comment_status":"closed","ping_status":"closed","template":"elementor_header_footer","meta":{"footnotes":""},"class_list":["post-155","page","type-page","status-publish","has-post-thumbnail","hentry"],"_links":{"self":[{"href":"https:\/\/pootwocku.pl\/index.php?rest_route=\/wp\/v2\/pages\/155","targetHints":{"allow":["GET"]}}],"collection":[{"href":"https:\/\/pootwocku.pl\/index.php?rest_route=\/wp\/v2\/pages"}],"about":[{"href":"https:\/\/pootwocku.pl\/index.php?rest_route=\/wp\/v2\/types\/page"}],"author":[{"embeddable":true,"href":"https:\/\/pootwocku.pl\/index.php?rest_route=\/wp\/v2\/users\/1"}],"replies":[{"embeddable":true,"href":"https:\/\/pootwocku.pl\/index.php?rest_route=%2Fwp%2Fv2%2Fcomments&post=155"}],"version-history":[{"count":64,"href":"https:\/\/pootwocku.pl\/index.php?rest_route=\/wp\/v2\/pages\/155\/revisions"}],"predecessor-version":[{"id":475,"href":"https:\/\/pootwocku.pl\/index.php?rest_route=\/wp\/v2\/pages\/155\/revisions\/475"}],"wp:featuredmedia":[{"embeddable":true,"href":"https:\/\/pootwocku.pl\/index.php?rest_route=\/wp\/v2\/media\/159"}],"wp:attachment":[{"href":"https:\/\/pootwocku.pl\/index.php?rest_route=%2Fwp%2Fv2%2Fmedia&parent=155"}],"curies":[{"name":"wp","href":"https:\/\/api.w.org\/{rel}","templated":true}]}}